{"id":216,"date":"2024-10-13T10:53:03","date_gmt":"2024-10-13T13:53:03","guid":{"rendered":"https:\/\/somartech.com.ar\/?page_id=216"},"modified":"2024-10-31T20:46:37","modified_gmt":"2024-10-31T23:46:37","slug":"inicio","status":"publish","type":"page","link":"https:\/\/somartech.com.ar\/?page_id=216","title":{"rendered":"Tienda"},"content":{"rendered":"\n<p class=\"has-text-align-center\"><strong>SOMARTECH Tecnolog\u00eda y comunicaci\u00f3n<\/strong><\/p>\n\n\n\n<p class=\"has-text-align-center\"><strong> \u00abEn SOMARTECH, nos comprometemos a ofrecer soluciones tecnol\u00f3gicas accesibles y de alta calidad, que mejoren la conectividad y el rendimiento de nuestros clientes. Nos dedicamos a brindar productos de \u00faltima generaci\u00f3n en el \u00e1mbito de la tecnolog\u00eda e inform\u00e1tica, enfoc\u00e1ndonos en la eficiencia y el servicio personalizado.\u00bb<\/strong><\/p>\n\n\n\n<figure class=\"wp-block-gallery has-nested-images columns-default is-cropped wp-block-gallery-1 is-layout-flex wp-block-gallery-is-layout-flex\">\n<figure class=\"wp-block-image alignwide size-full\"><img loading=\"lazy\" decoding=\"async\" width=\"719\" height=\"403\" data-id=\"269\" src=\"https:\/\/somartech.com.ar\/wp-content\/uploads\/2024\/10\/manos-R.jpg\" alt=\"\" class=\"wp-image-269\" srcset=\"https:\/\/somartech.com.ar\/wp-content\/uploads\/2024\/10\/manos-R.jpg 719w, https:\/\/somartech.com.ar\/wp-content\/uploads\/2024\/10\/manos-R-300x168.jpg 300w, https:\/\/somartech.com.ar\/wp-content\/uploads\/2024\/10\/manos-R-600x336.jpg 600w, https:\/\/somartech.com.ar\/wp-content\/uploads\/2024\/10\/manos-R-64x36.jpg 64w\" sizes=\"auto, (max-width: 719px) 100vw, 719px\" \/><\/figure>\n<\/figure>\n\n\n\n<figure class=\"wp-block-gallery has-nested-images columns-default is-cropped wp-block-gallery-2 is-layout-flex wp-block-gallery-is-layout-flex\">\n<figure class=\"wp-block-image size-large\"><img loading=\"lazy\" decoding=\"async\" width=\"645\" height=\"645\" data-id=\"251\" src=\"https:\/\/somartech.com.ar\/wp-content\/uploads\/2024\/10\/re-200-8-R-1.jpg\" alt=\"\" class=\"wp-image-251\" srcset=\"https:\/\/somartech.com.ar\/wp-content\/uploads\/2024\/10\/re-200-8-R-1.jpg 645w, https:\/\/somartech.com.ar\/wp-content\/uploads\/2024\/10\/re-200-8-R-1-300x300.jpg 300w, https:\/\/somartech.com.ar\/wp-content\/uploads\/2024\/10\/re-200-8-R-1-150x150.jpg 150w, https:\/\/somartech.com.ar\/wp-content\/uploads\/2024\/10\/re-200-8-R-1-600x600.jpg 600w, https:\/\/somartech.com.ar\/wp-content\/uploads\/2024\/10\/re-200-8-R-1-100x100.jpg 100w, https:\/\/somartech.com.ar\/wp-content\/uploads\/2024\/10\/re-200-8-R-1-64x64.jpg 64w\" sizes=\"auto, (max-width: 645px) 100vw, 645px\" \/><figcaption class=\"wp-element-caption\">RE 200 V5.0 Ar TPLink<\/figcaption><\/figure>\n\n\n\n<figure class=\"wp-block-image size-large\"><img loading=\"lazy\" decoding=\"async\" width=\"635\" height=\"638\" data-id=\"241\" src=\"https:\/\/somartech.com.ar\/wp-content\/uploads\/2024\/10\/antena-1-R.jpg\" alt=\"\" class=\"wp-image-241\" srcset=\"https:\/\/somartech.com.ar\/wp-content\/uploads\/2024\/10\/antena-1-R.jpg 635w, https:\/\/somartech.com.ar\/wp-content\/uploads\/2024\/10\/antena-1-R-300x300.jpg 300w, https:\/\/somartech.com.ar\/wp-content\/uploads\/2024\/10\/antena-1-R-150x150.jpg 150w, https:\/\/somartech.com.ar\/wp-content\/uploads\/2024\/10\/antena-1-R-600x603.jpg 600w, https:\/\/somartech.com.ar\/wp-content\/uploads\/2024\/10\/antena-1-R-100x100.jpg 100w, https:\/\/somartech.com.ar\/wp-content\/uploads\/2024\/10\/antena-1-R-64x64.jpg 64w\" sizes=\"auto, (max-width: 635px) 100vw, 635px\" \/><figcaption class=\"wp-element-caption\">Antena AC 600 TPLink<\/figcaption><\/figure>\n\n\n\n<figure class=\"wp-block-image size-large\"><img loading=\"lazy\" decoding=\"async\" width=\"1024\" height=\"593\" data-id=\"233\" src=\"https:\/\/somartech.com.ar\/wp-content\/uploads\/2024\/10\/camara-2-R-1024x593.jpg\" alt=\"C\u00e1mara IMOU 2CUE 2C\" class=\"wp-image-233\" srcset=\"https:\/\/somartech.com.ar\/wp-content\/uploads\/2024\/10\/camara-2-R-1024x593.jpg 1024w, https:\/\/somartech.com.ar\/wp-content\/uploads\/2024\/10\/camara-2-R-300x174.jpg 300w, https:\/\/somartech.com.ar\/wp-content\/uploads\/2024\/10\/camara-2-R-768x444.jpg 768w, https:\/\/somartech.com.ar\/wp-content\/uploads\/2024\/10\/camara-2-R-600x347.jpg 600w, https:\/\/somartech.com.ar\/wp-content\/uploads\/2024\/10\/camara-2-R-64x37.jpg 64w, https:\/\/somartech.com.ar\/wp-content\/uploads\/2024\/10\/camara-2-R.jpg 1030w\" sizes=\"auto, (max-width: 1024px) 100vw, 1024px\" \/><figcaption class=\"wp-element-caption\">C\u00e1mara IMOU CUE 2C<\/figcaption><\/figure>\n\n\n\n<figure class=\"wp-block-image size-large\"><img loading=\"lazy\" decoding=\"async\" width=\"917\" height=\"920\" data-id=\"176\" src=\"https:\/\/somartech.com.ar\/wp-content\/uploads\/2024\/09\/ax-23-5.jpg\" alt=\"\" class=\"wp-image-176\" srcset=\"https:\/\/somartech.com.ar\/wp-content\/uploads\/2024\/09\/ax-23-5.jpg 917w, https:\/\/somartech.com.ar\/wp-content\/uploads\/2024\/09\/ax-23-5-300x300.jpg 300w, https:\/\/somartech.com.ar\/wp-content\/uploads\/2024\/09\/ax-23-5-100x100.jpg 100w, https:\/\/somartech.com.ar\/wp-content\/uploads\/2024\/09\/ax-23-5-600x602.jpg 600w, https:\/\/somartech.com.ar\/wp-content\/uploads\/2024\/09\/ax-23-5-64x64.jpg 64w, https:\/\/somartech.com.ar\/wp-content\/uploads\/2024\/09\/ax-23-5-150x150.jpg 150w, https:\/\/somartech.com.ar\/wp-content\/uploads\/2024\/09\/ax-23-5-768x771.jpg 768w\" sizes=\"auto, (max-width: 917px) 100vw, 917px\" \/><figcaption class=\"wp-element-caption\">Router Archer AX23 TPLink<\/figcaption><\/figure>\n\n\n\n<figure class=\"wp-block-image size-large\"><img loading=\"lazy\" decoding=\"async\" width=\"1024\" height=\"776\" data-id=\"186\" src=\"https:\/\/somartech.com.ar\/wp-content\/uploads\/2024\/09\/c-86-5-editada-1024x776.jpg\" alt=\"\" class=\"wp-image-186\" srcset=\"https:\/\/somartech.com.ar\/wp-content\/uploads\/2024\/09\/c-86-5-editada-1024x776.jpg 1024w, https:\/\/somartech.com.ar\/wp-content\/uploads\/2024\/09\/c-86-5-editada-600x455.jpg 600w, https:\/\/somartech.com.ar\/wp-content\/uploads\/2024\/09\/c-86-5-editada-64x49.jpg 64w, https:\/\/somartech.com.ar\/wp-content\/uploads\/2024\/09\/c-86-5-editada-300x227.jpg 300w, https:\/\/somartech.com.ar\/wp-content\/uploads\/2024\/09\/c-86-5-editada-768x582.jpg 768w, https:\/\/somartech.com.ar\/wp-content\/uploads\/2024\/09\/c-86-5-editada.jpg 1137w\" sizes=\"auto, (max-width: 1024px) 100vw, 1024px\" \/><figcaption class=\"wp-element-caption\">Router Archer C86 TPLink<\/figcaption><\/figure>\n\n\n\n<figure class=\"wp-block-image size-large\"><img loading=\"lazy\" decoding=\"async\" width=\"1024\" height=\"549\" data-id=\"188\" src=\"https:\/\/somartech.com.ar\/wp-content\/uploads\/2024\/09\/c-6-a-1024x549.jpg\" alt=\"\" class=\"wp-image-188\" srcset=\"https:\/\/somartech.com.ar\/wp-content\/uploads\/2024\/09\/c-6-a-1024x549.jpg 1024w, https:\/\/somartech.com.ar\/wp-content\/uploads\/2024\/09\/c-6-a-600x322.jpg 600w, https:\/\/somartech.com.ar\/wp-content\/uploads\/2024\/09\/c-6-a-64x34.jpg 64w, https:\/\/somartech.com.ar\/wp-content\/uploads\/2024\/09\/c-6-a-300x161.jpg 300w, https:\/\/somartech.com.ar\/wp-content\/uploads\/2024\/09\/c-6-a-768x412.jpg 768w, https:\/\/somartech.com.ar\/wp-content\/uploads\/2024\/09\/c-6-a.jpg 1279w\" sizes=\"auto, (max-width: 1024px) 100vw, 1024px\" \/><figcaption class=\"wp-element-caption\">Router Archer C6 TPLink<\/figcaption><\/figure>\n\n\n\n<figure class=\"wp-block-image size-large\"><img loading=\"lazy\" decoding=\"async\" width=\"1024\" height=\"507\" data-id=\"198\" src=\"https:\/\/somartech.com.ar\/wp-content\/uploads\/2024\/09\/c-80-h-1024x507.jpg\" alt=\"\" class=\"wp-image-198\" srcset=\"https:\/\/somartech.com.ar\/wp-content\/uploads\/2024\/09\/c-80-h-1024x507.jpg 1024w, https:\/\/somartech.com.ar\/wp-content\/uploads\/2024\/09\/c-80-h-600x297.jpg 600w, https:\/\/somartech.com.ar\/wp-content\/uploads\/2024\/09\/c-80-h-64x32.jpg 64w, https:\/\/somartech.com.ar\/wp-content\/uploads\/2024\/09\/c-80-h-300x148.jpg 300w, https:\/\/somartech.com.ar\/wp-content\/uploads\/2024\/09\/c-80-h-768x380.jpg 768w, https:\/\/somartech.com.ar\/wp-content\/uploads\/2024\/09\/c-80-h.jpg 1528w\" sizes=\"auto, (max-width: 1024px) 100vw, 1024px\" \/><figcaption class=\"wp-element-caption\">Router Archer C80 TPLink<\/figcaption><\/figure>\n<\/figure>\n\n\n\n<figure class=\"wp-block-video\"><video height=\"1080\" style=\"aspect-ratio: 1920 \/ 1080;\" width=\"1920\" controls src=\"https:\/\/somartech.com.ar\/wp-content\/uploads\/2024\/09\/reel-1-productos.mp4\"><\/video><\/figure>\n\n\n\n<p>Nuestros productos <\/p>\n\n\n\n<figure class=\"wp-block-video\"><video height=\"1080\" style=\"aspect-ratio: 1920 \/ 1080;\" width=\"1920\" controls src=\"https:\/\/somartech.com.ar\/wp-content\/uploads\/2024\/09\/reel-envio.mp4\"><\/video><\/figure>\n\n\n\n<p>Cuidamos nuestros env\u00edos<\/p>\n\n\n\n<figure class=\"wp-block-video\"><video height=\"1080\" style=\"aspect-ratio: 1920 \/ 1080;\" width=\"1920\" controls src=\"https:\/\/somartech.com.ar\/wp-content\/uploads\/2024\/09\/unboxing-re-200.mp4\"><\/video><\/figure>\n\n\n\n<p>Unboxing RE 200 TPLink<\/p>\n\n\n\n<p><\/p>\n","protected":false},"excerpt":{"rendered":"<p>SOMARTECH Tecnolog\u00eda y comunicaci\u00f3n \u00abEn SOMARTECH, nos comprometemos a ofrecer soluciones tecnol\u00f3gicas accesibles y de alta calidad, que mejoren la [&hellip;]<\/p>\n","protected":false},"author":1,"featured_media":0,"parent":0,"menu_order":0,"comment_status":"closed","ping_status":"closed","template":"","meta":{"site-sidebar-layout":"default","site-content-layout":"","ast-site-content-layout":"default","site-content-style":"default","site-sidebar-style":"default","ast-global-header-display":"","ast-banner-title-visibility":"","ast-main-header-display":"","ast-hfb-above-header-display":"","ast-hfb-below-header-display":"","ast-hfb-mobile-header-display":"","site-post-title":"","ast-breadcrumbs-content":"","ast-featured-img":"","footer-sml-layout":"","theme-transparent-header-meta":"","adv-header-id-meta":"","stick-header-meta":"","header-above-stick-meta":"","header-main-stick-meta":"","header-below-stick-meta":"","astra-migrate-meta-layouts":"default","ast-page-background-enabled":"default","ast-page-background-meta":{"desktop":{"background-color":"var(--ast-global-color-4)","background-image":"","background-repeat":"repeat","background-position":"center center","background-size":"auto","background-attachment":"scroll","background-type":"","background-media":"","overlay-type":"","overlay-color":"","overlay-opacity":"","overlay-gradient":""},"tablet":{"background-color":"","background-image":"","background-repeat":"repeat","background-position":"center center","background-size":"auto","background-attachment":"scroll","background-type":"","background-media":"","overlay-type":"","overlay-color":"","overlay-opacity":"","overlay-gradient":""},"mobile":{"background-color":"","background-image":"","background-repeat":"repeat","background-position":"center center","background-size":"auto","background-attachment":"scroll","background-type":"","background-media":"","overlay-type":"","overlay-color":"","overlay-opacity":"","overlay-gradient":""}},"ast-content-background-meta":{"desktop":{"background-color":"var(--ast-global-color-5)","background-image":"","background-repeat":"repeat","background-position":"center center","background-size":"auto","background-attachment":"scroll","background-type":"","background-media":"","overlay-type":"","overlay-color":"","overlay-opacity":"","overlay-gradient":""},"tablet":{"background-color":"var(--ast-global-color-5)","background-image":"","background-repeat":"repeat","background-position":"center center","background-size":"auto","background-attachment":"scroll","background-type":"","background-media":"","overlay-type":"","overlay-color":"","overlay-opacity":"","overlay-gradient":""},"mobile":{"background-color":"var(--ast-global-color-5)","background-image":"","background-repeat":"repeat","background-position":"center center","background-size":"auto","background-attachment":"scroll","background-type":"","background-media":"","overlay-type":"","overlay-color":"","overlay-opacity":"","overlay-gradient":""}},"footnotes":""},"class_list":["post-216","page","type-page","status-publish","hentry"],"_links":{"self":[{"href":"https:\/\/somartech.com.ar\/index.php?rest_route=\/wp\/v2\/pages\/216","targetHints":{"allow":["GET"]}}],"collection":[{"href":"https:\/\/somartech.com.ar\/index.php?rest_route=\/wp\/v2\/pages"}],"about":[{"href":"https:\/\/somartech.com.ar\/index.php?rest_route=\/wp\/v2\/types\/page"}],"author":[{"embeddable":true,"href":"https:\/\/somartech.com.ar\/index.php?rest_route=\/wp\/v2\/users\/1"}],"replies":[{"embeddable":true,"href":"https:\/\/somartech.com.ar\/index.php?rest_route=%2Fwp%2Fv2%2Fcomments&post=216"}],"version-history":[{"count":12,"href":"https:\/\/somartech.com.ar\/index.php?rest_route=\/wp\/v2\/pages\/216\/revisions"}],"predecessor-version":[{"id":276,"href":"https:\/\/somartech.com.ar\/index.php?rest_route=\/wp\/v2\/pages\/216\/revisions\/276"}],"wp:attachment":[{"href":"https:\/\/somartech.com.ar\/index.php?rest_route=%2Fwp%2Fv2%2Fmedia&parent=216"}],"curies":[{"name":"wp","href":"https:\/\/api.w.org\/{rel}","templated":true}]}}